{"id":7759,"date":"2021-10-28T08:32:59","date_gmt":"2021-10-28T07:32:59","guid":{"rendered":"https:\/\/the7.io\/business-advisors\/?page_id=7759"},"modified":"2024-07-17T12:37:08","modified_gmt":"2024-07-17T12:37:08","slug":"news","status":"publish","type":"page","link":"https:\/\/valeo-it.com\/en\/newsroom\/aktuelles\/","title":{"rendered":"Latest news"},"content":{"rendered":"<div data-elementor-type=\"wp-page\" data-elementor-id=\"7759\" class=\"elementor elementor-7759\" data-elementor-post-type=\"page\">\n\t\t\t\t\t\t<section class=\"elementor-section elementor-top-section elementor-element elementor-element-a955131 elementor-section-height-min-height elementor-section-items-stretch elementor-section-content-middle elementor-section-boxed elementor-section-height-default\" data-id=\"a955131\" data-element_type=\"section\" data-e-type=\"section\" data-settings=\"{&quot;background_background&quot;:&quot;classic&quot;}\">\n\t\t\t\t\t\t<div class=\"elementor-container elementor-column-gap-wider\">\n\t\t\t\t\t<div class=\"elementor-column elementor-col-100 elementor-top-column elementor-element elementor-element-b69bde4\" data-id=\"b69bde4\" data-element_type=\"column\" data-e-type=\"column\" data-settings=\"{&quot;background_background&quot;:&quot;classic&quot;}\">\n\t\t\t<div class=\"elementor-widget-wrap elementor-element-populated\">\n\t\t\t\t\t\t<div class=\"elementor-element elementor-element-98dec80 elementor-widget elementor-widget-text-editor\" data-id=\"98dec80\" data-element_type=\"widget\" data-e-type=\"widget\" data-widget_type=\"text-editor.default\">\n\t\t\t\t<div class=\"elementor-widget-container\">\n\t\t\t\t\t\t\t\t\t<section data-id=\"d722f46\" data-element_type=\"section\"><div><div data-id=\"aab16d3\" data-element_type=\"column\"><div><section data-id=\"1691813\" data-element_type=\"section\"><div><div data-id=\"54059ec\" data-element_type=\"column\"><div><div data-id=\"461a080\" data-element_type=\"widget\" data-widget_type=\"heading.default\"><div><p>Here we keep you up to date with the latest developments, events and success stories from VALEO IT Services International GmbH. We are proud to share our progress and successes with you and look forward to informing you regularly about our exciting news. Immerse yourself in the world of our company and discover what happens behind the scenes!<\/p><\/div><\/div><\/div><\/div><\/div><\/section><\/div><\/div><\/div><\/section><section data-id=\"67d0c60\" data-element_type=\"section\"><\/section>\t\t\t\t\t\t\t\t<\/div>\n\t\t\t\t<\/div>\n\t\t\t\t<div class=\"elementor-element elementor-element-3a667e4 img-align-top slide-h-position-center icon-box-vertical-align-top image-vertical-align-start preserve-img-ratio-cover elementor-widget elementor-widget-the7-elements-simple-posts\" data-id=\"3a667e4\" data-element_type=\"widget\" data-e-type=\"widget\" data-widget_type=\"the7-elements-simple-posts.default\">\n\t\t\t\t<div class=\"elementor-widget-container\">\n\t\t\t\t\t<div class=\"the7-simple-widget-posts the7-elementor-widget the7-elements-simple-posts-3a667e4\" data-post-limit=\"-1\" data-pagination-mode=\"standard\" data-scroll-offset=\"\">\t\t\t<div class=\"dt-css-grid custom-pagination-handler\" data-columns=\"{&quot;d&quot;:3,&quot;t&quot;:2,&quot;p&quot;:1,&quot;wd&quot;:&quot;&quot;}\">\n\t\t\t\t\t\t\t\t\t<div class=\"wf-cell visible\">\n\t\t\t\t\t\t<article class=\"post visible wrapper post-13918 type-post status-publish format-standard has-post-thumbnail hentry category-aktuelles tag-e-scooter tag-ortsverkehrswachtweiden tag-uebergabe category-61 description-off\">\n\n\t\t\t\t\t\t\t<div class=\"post-content-wrapper\">\n\t\t\t\t\t\t\t\t\t\t\t\t\t\t\t\t\t<div class=\"the7-simple-post-thumb\">\n\t\t\t\t\t\t\t\t\t\t<a class=\"post-thumbnail-rollover layzr-bg img-css-resize-wrapper\" aria-label=\"Post image\" href=\"https:\/\/valeo-it.com\/en\/aktuelles\/verantwortung-uebernehmen-auch-im-strassenverkehr\/\"><img fetchpriority=\"high\" decoding=\"async\" width=\"1500\" height=\"1000\" src=\"data:image\/svg+xml,%3Csvg%20xmlns%3D&#039;http%3A%2F%2Fwww.w3.org%2F2000%2Fsvg&#039;%20viewBox%3D&#039;0%200%201500%201000&#039;%2F%3E\" class=\"attachment-full size-full preload-me aspect lazy lazy-load\" alt=\"Handover of the e-scooter\" sizes=\"(max-width: 1500px) 100vw, 1500px\" style=\"--ratio: 1500 \/ 1000;\" data-src=\"https:\/\/valeo-it.com\/wp-content\/uploads\/2026\/02\/Roller.webp\" loading=\"eager\" data-srcset=\"https:\/\/valeo-it.com\/wp-content\/uploads\/2026\/02\/Roller.webp 1500w, https:\/\/valeo-it.com\/wp-content\/uploads\/2026\/02\/Roller-300x200.webp 300w, https:\/\/valeo-it.com\/wp-content\/uploads\/2026\/02\/Roller-1024x683.webp 1024w, https:\/\/valeo-it.com\/wp-content\/uploads\/2026\/02\/Roller-768x512.png 768w, https:\/\/valeo-it.com\/wp-content\/uploads\/2026\/02\/Roller-18x12.png 18w\" title=\"\"><span class=\"the7-hover-icon\"><i aria-hidden=\"true\" class=\"feather feather-more-horizontal\"><\/i><\/span><\/a>\t\t\t\t\t\t\t\t\t<\/div>\n\t\t\t\t\t\t\t\t\t\t\t\t\t\t\t\t<div class=\"post-entry-content\">\n\t\t\t\t\t\t\t\t\t<h5 class=\"heading\"><a href=\"https:\/\/valeo-it.com\/en\/aktuelles\/verantwortung-uebernehmen-auch-im-strassenverkehr\/\" rel=\"bookmark\" title=\"Taking responsibility - also in road traffic\" class=\"post-title\">Taking responsibility - also in road traffic<\/a><\/h5><div class=\"entry-meta\"><span class=\"meta-item data-link\"><time class=\"entry-date updated\" datetime=\"2026-02-24T12:00:00+00:00\">February 24, 2026<\/time><\/span><\/div>\t\t\t\t\t\t\t\t<\/div>\n\t\t\t\t\t\t\t<\/div>\n\t\t\t\t\t\t<\/article>\n\t\t\t\t\t<\/div>\t\t\t\t\t\t\t\t\t\t<div class=\"wf-cell visible\">\n\t\t\t\t\t\t<article class=\"post visible wrapper post-13899 type-post status-publish format-standard has-post-thumbnail hentry category-aktuelles category-61 description-off\">\n\n\t\t\t\t\t\t\t<div class=\"post-content-wrapper\">\n\t\t\t\t\t\t\t\t\t\t\t\t\t\t\t\t\t<div class=\"the7-simple-post-thumb\">\n\t\t\t\t\t\t\t\t\t\t<a class=\"post-thumbnail-rollover layzr-bg img-css-resize-wrapper\" aria-label=\"Post image\" href=\"https:\/\/valeo-it.com\/en\/aktuelles\/jubilaeen-bei-valeo-it-gemeinsam-wachsen-seit-vielen-jahren\/\"><img decoding=\"async\" width=\"1920\" height=\"1167\" src=\"data:image\/svg+xml,%3Csvg%20xmlns%3D&#039;http%3A%2F%2Fwww.w3.org%2F2000%2Fsvg&#039;%20viewBox%3D&#039;0%200%201920%201167&#039;%2F%3E\" class=\"attachment-full size-full preload-me aspect lazy lazy-load\" alt=\"\" sizes=\"(max-width: 1920px) 100vw, 1920px\" style=\"--ratio: 1920 \/ 1167;\" data-src=\"https:\/\/valeo-it.com\/wp-content\/uploads\/2026\/02\/Jubilaeen_V1-scaled.webp\" loading=\"eager\" data-srcset=\"https:\/\/valeo-it.com\/wp-content\/uploads\/2026\/02\/Jubilaeen_V1-scaled.webp 1920w, https:\/\/valeo-it.com\/wp-content\/uploads\/2026\/02\/Jubilaeen_V1-300x182.webp 300w, https:\/\/valeo-it.com\/wp-content\/uploads\/2026\/02\/Jubilaeen_V1-1024x622.webp 1024w, https:\/\/valeo-it.com\/wp-content\/uploads\/2026\/02\/Jubilaeen_V1-768x467.webp 768w, https:\/\/valeo-it.com\/wp-content\/uploads\/2026\/02\/Jubilaeen_V1-1536x933.webp 1536w, https:\/\/valeo-it.com\/wp-content\/uploads\/2026\/02\/Jubilaeen_V1-18x12.webp 18w\" title=\"\"><span class=\"the7-hover-icon\"><i aria-hidden=\"true\" class=\"feather feather-more-horizontal\"><\/i><\/span><\/a>\t\t\t\t\t\t\t\t\t<\/div>\n\t\t\t\t\t\t\t\t\t\t\t\t\t\t\t\t<div class=\"post-entry-content\">\n\t\t\t\t\t\t\t\t\t<h5 class=\"heading\"><a href=\"https:\/\/valeo-it.com\/en\/aktuelles\/jubilaeen-bei-valeo-it-gemeinsam-wachsen-seit-vielen-jahren\/\" rel=\"bookmark\" title=\"Anniversaries at VALEO IT - Growing together for many years\" class=\"post-title\">Anniversaries at VALEO IT - Growing together for many years<\/a><\/h5><div class=\"entry-meta\"><span class=\"meta-item data-link\"><time class=\"entry-date updated\" datetime=\"2026-02-02T10:00:00+00:00\">February 2, 2026<\/time><\/span><\/div>\t\t\t\t\t\t\t\t<\/div>\n\t\t\t\t\t\t\t<\/div>\n\t\t\t\t\t\t<\/article>\n\t\t\t\t\t<\/div>\t\t\t\t\t\t\t\t\t\t<div class=\"wf-cell visible\">\n\t\t\t\t\t\t<article class=\"post visible wrapper post-13622 type-post status-publish format-standard has-post-thumbnail hentry category-aktuelles category-61 description-off\">\n\n\t\t\t\t\t\t\t<div class=\"post-content-wrapper\">\n\t\t\t\t\t\t\t\t\t\t\t\t\t\t\t\t\t<div class=\"the7-simple-post-thumb\">\n\t\t\t\t\t\t\t\t\t\t<a class=\"post-thumbnail-rollover layzr-bg img-css-resize-wrapper\" aria-label=\"Post image\" href=\"https:\/\/valeo-it.com\/en\/aktuelles\/berufung-von-bastian-braun-in-den-bundeswirtschaftssenat\/\"><img decoding=\"async\" width=\"1920\" height=\"1280\" src=\"data:image\/svg+xml,%3Csvg%20xmlns%3D&#039;http%3A%2F%2Fwww.w3.org%2F2000%2Fsvg&#039;%20viewBox%3D&#039;0%200%201920%201280&#039;%2F%3E\" class=\"attachment-full size-full preload-me aspect lazy lazy-load\" alt=\"\" sizes=\"(max-width: 1920px) 100vw, 1920px\" style=\"--ratio: 1920 \/ 1280;\" data-src=\"https:\/\/valeo-it.com\/wp-content\/uploads\/2025\/07\/IMG_8555-scaled.webp\" loading=\"eager\" data-srcset=\"https:\/\/valeo-it.com\/wp-content\/uploads\/2025\/07\/IMG_8555-scaled.webp 1920w, https:\/\/valeo-it.com\/wp-content\/uploads\/2025\/07\/IMG_8555-300x200.webp 300w, https:\/\/valeo-it.com\/wp-content\/uploads\/2025\/07\/IMG_8555-1024x683.webp 1024w, https:\/\/valeo-it.com\/wp-content\/uploads\/2025\/07\/IMG_8555-768x512.webp 768w, https:\/\/valeo-it.com\/wp-content\/uploads\/2025\/07\/IMG_8555-1536x1024.webp 1536w, https:\/\/valeo-it.com\/wp-content\/uploads\/2025\/07\/IMG_8555-18x12.webp 18w\" title=\"\"><span class=\"the7-hover-icon\"><i aria-hidden=\"true\" class=\"feather feather-more-horizontal\"><\/i><\/span><\/a>\t\t\t\t\t\t\t\t\t<\/div>\n\t\t\t\t\t\t\t\t\t\t\t\t\t\t\t\t<div class=\"post-entry-content\">\n\t\t\t\t\t\t\t\t\t<h5 class=\"heading\"><a href=\"https:\/\/valeo-it.com\/en\/aktuelles\/berufung-von-bastian-braun-in-den-bundeswirtschaftssenat\/\" rel=\"bookmark\" title=\"Appointment of Bastian Braun to the Federal Economic Senate\" class=\"post-title\">Appointment of Bastian Braun to the Federal Economic Senate<\/a><\/h5><div class=\"entry-meta\"><span class=\"meta-item data-link\"><time class=\"entry-date updated\" datetime=\"2025-07-03T12:22:57+00:00\">July 3, 2025<\/time><\/span><\/div>\t\t\t\t\t\t\t\t<\/div>\n\t\t\t\t\t\t\t<\/div>\n\t\t\t\t\t\t<\/article>\n\t\t\t\t\t<\/div>\t\t\t\t\t\t\t\t\t\t<div class=\"wf-cell visible\">\n\t\t\t\t\t\t<article class=\"post visible wrapper post-13371 type-post status-publish format-standard has-post-thumbnail hentry category-aktuelles category-61 description-off\">\n\n\t\t\t\t\t\t\t<div class=\"post-content-wrapper\">\n\t\t\t\t\t\t\t\t\t\t\t\t\t\t\t\t\t<div class=\"the7-simple-post-thumb\">\n\t\t\t\t\t\t\t\t\t\t<a class=\"post-thumbnail-rollover layzr-bg img-css-resize-wrapper\" aria-label=\"Post image\" href=\"https:\/\/valeo-it.com\/en\/aktuelles\/ki-automatisierung-im-service-desk-projektarbeit-mit-der-oth-weiden-amberg\/\"><img decoding=\"async\" width=\"1600\" height=\"1200\" src=\"data:image\/svg+xml,%3Csvg%20xmlns%3D&#039;http%3A%2F%2Fwww.w3.org%2F2000%2Fsvg&#039;%20viewBox%3D&#039;0%200%201600%201200&#039;%2F%3E\" class=\"attachment-full size-full preload-me aspect lazy lazy-load\" alt=\"\" sizes=\"(max-width: 1600px) 100vw, 1600px\" style=\"--ratio: 1600 \/ 1200;\" data-src=\"https:\/\/valeo-it.com\/wp-content\/uploads\/2025\/04\/IMG-20250403-WA0009.jpg\" loading=\"eager\" data-srcset=\"https:\/\/valeo-it.com\/wp-content\/uploads\/2025\/04\/IMG-20250403-WA0009.jpg 1600w, https:\/\/valeo-it.com\/wp-content\/uploads\/2025\/04\/IMG-20250403-WA0009-300x225.jpg 300w, https:\/\/valeo-it.com\/wp-content\/uploads\/2025\/04\/IMG-20250403-WA0009-1024x768.jpg 1024w, https:\/\/valeo-it.com\/wp-content\/uploads\/2025\/04\/IMG-20250403-WA0009-768x576.jpg 768w, https:\/\/valeo-it.com\/wp-content\/uploads\/2025\/04\/IMG-20250403-WA0009-1536x1152.jpg 1536w, https:\/\/valeo-it.com\/wp-content\/uploads\/2025\/04\/IMG-20250403-WA0009-16x12.jpg 16w\" title=\"\"><span class=\"the7-hover-icon\"><i aria-hidden=\"true\" class=\"feather feather-more-horizontal\"><\/i><\/span><\/a>\t\t\t\t\t\t\t\t\t<\/div>\n\t\t\t\t\t\t\t\t\t\t\t\t\t\t\t\t<div class=\"post-entry-content\">\n\t\t\t\t\t\t\t\t\t<h5 class=\"heading\"><a href=\"https:\/\/valeo-it.com\/en\/aktuelles\/ki-automatisierung-im-service-desk-projektarbeit-mit-der-oth-weiden-amberg\/\" rel=\"bookmark\" title=\"AI &amp; automation in the service desk: Project work with the OTH Weiden-Amberg\" class=\"post-title\">AI &amp; automation in the service desk: Project work with the OTH Weiden-Amberg<\/a><\/h5><div class=\"entry-meta\"><span class=\"meta-item data-link\"><time class=\"entry-date updated\" datetime=\"2025-04-04T09:59:00+00:00\">April 4, 2025<\/time><\/span><\/div>\t\t\t\t\t\t\t\t<\/div>\n\t\t\t\t\t\t\t<\/div>\n\t\t\t\t\t\t<\/article>\n\t\t\t\t\t<\/div>\t\t\t\t\t\t\t\t\t\t<div class=\"wf-cell visible\">\n\t\t\t\t\t\t<article class=\"post visible wrapper post-13139 type-post status-publish format-standard has-post-thumbnail hentry category-aktuelles category-61 description-off\">\n\n\t\t\t\t\t\t\t<div class=\"post-content-wrapper\">\n\t\t\t\t\t\t\t\t\t\t\t\t\t\t\t\t\t<div class=\"the7-simple-post-thumb\">\n\t\t\t\t\t\t\t\t\t\t<a class=\"post-thumbnail-rollover layzr-bg img-css-resize-wrapper\" aria-label=\"Post image\" href=\"https:\/\/valeo-it.com\/en\/aktuelles\/erfolgreiche-iso-270012022-zertifizierung\/\"><img decoding=\"async\" width=\"1200\" height=\"628\" src=\"data:image\/svg+xml,%3Csvg%20xmlns%3D&#039;http%3A%2F%2Fwww.w3.org%2F2000%2Fsvg&#039;%20viewBox%3D&#039;0%200%201200%20628&#039;%2F%3E\" class=\"attachment-full size-full preload-me aspect lazy lazy-load\" alt=\"\" sizes=\"(max-width: 1200px) 100vw, 1200px\" style=\"--ratio: 1200 \/ 628;\" data-src=\"https:\/\/valeo-it.com\/wp-content\/uploads\/2024\/11\/iso_27001_zertifizierung_valeoit_services_international_gmbh.webp\" loading=\"eager\" data-srcset=\"https:\/\/valeo-it.com\/wp-content\/uploads\/2024\/11\/iso_27001_zertifizierung_valeoit_services_international_gmbh.webp 1200w, https:\/\/valeo-it.com\/wp-content\/uploads\/2024\/11\/iso_27001_zertifizierung_valeoit_services_international_gmbh-300x157.png 300w, https:\/\/valeo-it.com\/wp-content\/uploads\/2024\/11\/iso_27001_zertifizierung_valeoit_services_international_gmbh-1024x536.png 1024w, https:\/\/valeo-it.com\/wp-content\/uploads\/2024\/11\/iso_27001_zertifizierung_valeoit_services_international_gmbh-768x402.png 768w, https:\/\/valeo-it.com\/wp-content\/uploads\/2024\/11\/iso_27001_zertifizierung_valeoit_services_international_gmbh-18x9.png 18w\" title=\"\"><span class=\"the7-hover-icon\"><i aria-hidden=\"true\" class=\"feather feather-more-horizontal\"><\/i><\/span><\/a>\t\t\t\t\t\t\t\t\t<\/div>\n\t\t\t\t\t\t\t\t\t\t\t\t\t\t\t\t<div class=\"post-entry-content\">\n\t\t\t\t\t\t\t\t\t<h5 class=\"heading\"><a href=\"https:\/\/valeo-it.com\/en\/aktuelles\/erfolgreiche-iso-270012022-zertifizierung\/\" rel=\"bookmark\" title=\"Successful ISO 27001:2022 certification\" class=\"post-title\">Successful ISO 27001:2022 certification<\/a><\/h5><div class=\"entry-meta\"><span class=\"meta-item data-link\"><time class=\"entry-date updated\" datetime=\"2024-11-29T00:00:00+00:00\">November 29, 2024<\/time><\/span><\/div>\t\t\t\t\t\t\t\t<\/div>\n\t\t\t\t\t\t\t<\/div>\n\t\t\t\t\t\t<\/article>\n\t\t\t\t\t<\/div>\t\t\t\t\t\t\t\t\t\t<div class=\"wf-cell visible\">\n\t\t\t\t\t\t<article class=\"post visible wrapper post-13087 type-post status-publish format-standard has-post-thumbnail hentry category-aktuelles category-61 description-off\">\n\n\t\t\t\t\t\t\t<div class=\"post-content-wrapper\">\n\t\t\t\t\t\t\t\t\t\t\t\t\t\t\t\t\t<div class=\"the7-simple-post-thumb\">\n\t\t\t\t\t\t\t\t\t\t<a class=\"post-thumbnail-rollover layzr-bg img-css-resize-wrapper\" aria-label=\"Post image\" href=\"https:\/\/valeo-it.com\/en\/aktuelles\/neueroeffnung-losteria-paris\/\"><img decoding=\"async\" width=\"2580\" height=\"1377\" src=\"data:image\/svg+xml,%3Csvg%20xmlns%3D&#039;http%3A%2F%2Fwww.w3.org%2F2000%2Fsvg&#039;%20viewBox%3D&#039;0%200%202580%201377&#039;%2F%3E\" class=\"attachment-full size-full preload-me aspect lazy lazy-load\" alt=\"\" sizes=\"(max-width: 2580px) 100vw, 2580px\" style=\"--ratio: 2580 \/ 1377;\" data-src=\"https:\/\/valeo-it.com\/wp-content\/uploads\/2024\/11\/Aufbau-LOsteria-Paris.png\" loading=\"eager\" data-srcset=\"https:\/\/valeo-it.com\/wp-content\/uploads\/2024\/11\/Aufbau-LOsteria-Paris.png 2580w, https:\/\/valeo-it.com\/wp-content\/uploads\/2024\/11\/Aufbau-LOsteria-Paris-300x160.png 300w, https:\/\/valeo-it.com\/wp-content\/uploads\/2024\/11\/Aufbau-LOsteria-Paris-1024x547.png 1024w, https:\/\/valeo-it.com\/wp-content\/uploads\/2024\/11\/Aufbau-LOsteria-Paris-768x410.png 768w, https:\/\/valeo-it.com\/wp-content\/uploads\/2024\/11\/Aufbau-LOsteria-Paris-1536x820.png 1536w, https:\/\/valeo-it.com\/wp-content\/uploads\/2024\/11\/Aufbau-LOsteria-Paris-2048x1093.png 2048w, https:\/\/valeo-it.com\/wp-content\/uploads\/2024\/11\/Aufbau-LOsteria-Paris-18x10.png 18w\" title=\"\"><span class=\"the7-hover-icon\"><i aria-hidden=\"true\" class=\"feather feather-more-horizontal\"><\/i><\/span><\/a>\t\t\t\t\t\t\t\t\t<\/div>\n\t\t\t\t\t\t\t\t\t\t\t\t\t\t\t\t<div class=\"post-entry-content\">\n\t\t\t\t\t\t\t\t\t<h5 class=\"heading\"><a href=\"https:\/\/valeo-it.com\/en\/aktuelles\/neueroeffnung-losteria-paris\/\" rel=\"bookmark\" title=\"New opening of L&#039;Osteria Paris\" class=\"post-title\">New opening of L'Osteria Paris<\/a><\/h5><div class=\"entry-meta\"><span class=\"meta-item data-link\"><time class=\"entry-date updated\" datetime=\"2024-11-26T10:03:07+00:00\">November 26, 2024<\/time><\/span><\/div>\t\t\t\t\t\t\t\t<\/div>\n\t\t\t\t\t\t\t<\/div>\n\t\t\t\t\t\t<\/article>\n\t\t\t\t\t<\/div>\t\t\t\t\t\t\t\t<\/div>\n\t\t<div class=\"paginator filter-decorations filter-pointer-underline filter-animation-fade\" role=\"navigation\"><a href=\"https:\/\/valeo-it.com\/en\/wp-json\/wp\/v2\/pages\/7759\/\" class=\"page-numbers filter-item act\" data-page-num=\"1\">1<\/a><a href=\"https:\/\/valeo-it.com\/en\/wp-json\/wp\/v2\/pages\/7759\/page\/2\/\" class=\"page-numbers filter-item\" data-page-num=\"2\">2<\/a><a href=\"https:\/\/valeo-it.com\/en\/wp-json\/wp\/v2\/pages\/7759\/page\/3\/\" class=\"page-numbers filter-item\" data-page-num=\"3\">3<\/a><a href=\"https:\/\/valeo-it.com\/en\/wp-json\/wp\/v2\/pages\/7759\/page\/4\/\" class=\"page-numbers filter-item\" data-page-num=\"4\">4<\/a><a href=\"https:\/\/valeo-it.com\/en\/wp-json\/wp\/v2\/pages\/7759\/page\/2\/\" class=\"page-numbers nav-next filter-item\" data-page-num=\"2\" >\u2192<\/a><\/div><\/div>\t\t\t\t<\/div>\n\t\t\t\t<\/div>\n\t\t\t\t\t<\/div>\n\t\t<\/div>\n\t\t\t\t\t<\/div>\n\t\t<\/section>\n\t\t\t\t<\/div>","protected":false},"excerpt":{"rendered":"<p>Hier halten wir Sie auf dem Laufenden \u00fcber die neuesten Entwicklungen, Veranstaltungen und Erfolgsgeschichten der VALEO IT Services International GmbH. Wir sind stolz darauf, Sie an unseren Fortschritten und Erfolgen teilhaben zu lassen und freuen uns darauf, Sie regelm\u00e4\u00dfig \u00fcber unsere spannenden Neuigkeiten zu informieren. Tauchen Sie ein in die Welt unseres Unternehmens und entdecken&hellip;<\/p>","protected":false},"author":1,"featured_media":0,"parent":11196,"menu_order":20,"comment_status":"closed","ping_status":"closed","template":"","meta":{"footnotes":""},"class_list":["post-7759","page","type-page","status-publish","hentry","category-61","description-off"],"jetpack_sharing_enabled":true,"_links":{"self":[{"href":"https:\/\/valeo-it.com\/en\/wp-json\/wp\/v2\/pages\/7759","targetHints":{"allow":["GET"]}}],"collection":[{"href":"https:\/\/valeo-it.com\/en\/wp-json\/wp\/v2\/pages"}],"about":[{"href":"https:\/\/valeo-it.com\/en\/wp-json\/wp\/v2\/types\/page"}],"author":[{"embeddable":true,"href":"https:\/\/valeo-it.com\/en\/wp-json\/wp\/v2\/users\/1"}],"replies":[{"embeddable":true,"href":"https:\/\/valeo-it.com\/en\/wp-json\/wp\/v2\/comments?post=7759"}],"version-history":[{"count":7,"href":"https:\/\/valeo-it.com\/en\/wp-json\/wp\/v2\/pages\/7759\/revisions"}],"predecessor-version":[{"id":11668,"href":"https:\/\/valeo-it.com\/en\/wp-json\/wp\/v2\/pages\/7759\/revisions\/11668"}],"up":[{"embeddable":true,"href":"https:\/\/valeo-it.com\/en\/wp-json\/wp\/v2\/pages\/11196"}],"wp:attachment":[{"href":"https:\/\/valeo-it.com\/en\/wp-json\/wp\/v2\/media?parent=7759"}],"curies":[{"name":"wp","href":"https:\/\/api.w.org\/{rel}","templated":true}]}}